{"id":1271,"date":"2024-06-02T23:09:11","date_gmt":"2024-06-02T21:09:11","guid":{"rendered":"https:\/\/ajaccio-aeroport.cci.corsica\/?page_id=1271"},"modified":"2024-07-19T09:12:10","modified_gmt":"2024-07-19T07:12:10","slug":"online-registration","status":"publish","type":"page","link":"https:\/\/ajaccio-aeroport.cci.corsica\/en\/enregistrement-en-ligne\/","title":{"rendered":"Online registration"},"content":{"rendered":"<div data-elementor-type=\"wp-page\" data-elementor-id=\"1271\" class=\"elementor elementor-1271\" data-elementor-post-type=\"page\">\n\t\t\t\t<div class=\"elementor-element elementor-element-8ce9d91 e-flex e-con-boxed e-con e-parent\" data-id=\"8ce9d91\" data-element_type=\"container\">\n\t\t\t\t\t<div class=\"e-con-inner\">\n\t\t\t\t<div class=\"elementor-element elementor-element-12187f8 elementor-widget elementor-widget-text-editor\" data-id=\"12187f8\" data-element_type=\"widget\" data-widget_type=\"text-editor.default\">\n\t\t\t\t<div class=\"elementor-widget-container\">\n\t\t\t\t\t\t\t\t\t<h3>Save time with online registration!<\/h3>\t\t\t\t\t\t\t\t<\/div>\n\t\t\t\t<\/div>\n\t\t<div class=\"elementor-element elementor-element-53ecb99 e-flex e-con-boxed e-con e-child\" data-id=\"53ecb99\" data-element_type=\"container\">\n\t\t\t\t\t<div class=\"e-con-inner\">\n\t\t\t\t<div class=\"elementor-element elementor-element-82c2478 elementor-widget elementor-widget-text-editor\" data-id=\"82c2478\" data-element_type=\"widget\" data-widget_type=\"text-editor.default\">\n\t\t\t\t<div class=\"elementor-widget-container\">\n\t\t\t\t\t\t\t\t\t<p>Before your flight departs,&nbsp;<strong>save time&nbsp;<\/strong>with online check-in: you choose your seat and obtain your boarding pass directly from your computer or telephone. No more queuing, you can go straight to the boarding gate for passengers without hold baggage, or for passengers with hold baggage to check in, quicker access to a dedicated check-in counter.<\/p>\n<p>Many airlines allow you to check in online in advance.<\/p>\n<p>This option has two advantages:<\/p>\n<ul>\n<li>save time and choose your seat,<\/li>\n<li>obtain your boarding pass and avoid airport queues.<\/li>\n<\/ul>\t\t\t\t\t\t\t\t<\/div>\n\t\t\t\t<\/div>\n\t\t\t\t\t<\/div>\n\t\t\t\t<\/div>\n\t\t\t\t<div class=\"elementor-element elementor-element-085585b elementor-widget elementor-widget-text-editor\" data-id=\"085585b\" data-element_type=\"widget\" data-widget_type=\"text-editor.default\">\n\t\t\t\t<div class=\"elementor-widget-container\">\n\t\t\t\t\t\t\t\t\t<p>Some airlines require you to check in online, with no other option. Some airlines may even charge you a reprint fee if you have not printed your boarding pass yourself before arriving at the airport. <strong>Check with your airline before departure.<\/strong><\/p>\t\t\t\t\t\t\t\t<\/div>\n\t\t\t\t<\/div>\n\t\t\t\t<div class=\"elementor-element elementor-element-719c4b3 elementor-alert-info elementor-widget elementor-widget-alert\" data-id=\"719c4b3\" data-element_type=\"widget\" data-widget_type=\"alert.default\">\n\t\t\t\t<div class=\"elementor-widget-container\">\n\t\t\t\t\t\t\t<div class=\"elementor-alert\" role=\"alert\">\n\n\t\t\t\n\t\t\t\t\t\t<span class=\"elementor-alert-description\">All airlines apply different conditions to this service, so we advise you to consult the website of the airline operating your flight.<\/span>\n\t\t\t\n\t\t\t\n\t\t<\/div>\n\t\t\t\t\t\t<\/div>\n\t\t\t\t<\/div>\n\t\t\t\t\t<\/div>\n\t\t\t\t<\/div>\n\t\t\t\t<\/div>","protected":false},"excerpt":{"rendered":"<p>Gagnez du temps gr\u00e2ce \u00e0 l&rsquo;enregistrement en ligne ! Avant le d\u00e9part de votre vol,&nbsp;gagnez du temps&nbsp;avec l&rsquo;enregistrement en ligne : vous choisissez votre si\u00e8ge et obtenez votre carte d&#8217;embarquement directement depuis votre ordinateur ou votre t\u00e9l\u00e9phone. Fini les files d&rsquo;attente, vous pourrez vous rendre directement \u00e0 la porte d&#8217;embarquement pour les passagers sans bagage [&hellip;]<\/p>\n","protected":false},"author":4,"featured_media":1654,"parent":0,"menu_order":0,"comment_status":"closed","ping_status":"closed","template":"","meta":{"_acf_changed":false,"_seopress_robots_primary_cat":"","_seopress_titles_title":"","_seopress_titles_desc":"","_seopress_robots_index":"","footnotes":""},"type-de-page":[5],"class_list":{"0":"post-1271","1":"page","2":"type-page","3":"status-publish","4":"has-post-thumbnail","6":"type-de-page-page-avec-image"},"acf":[],"_links":{"self":[{"href":"https:\/\/ajaccio-aeroport.cci.corsica\/en\/wp-json\/wp\/v2\/pages\/1271","targetHints":{"allow":["GET"]}}],"collection":[{"href":"https:\/\/ajaccio-aeroport.cci.corsica\/en\/wp-json\/wp\/v2\/pages"}],"about":[{"href":"https:\/\/ajaccio-aeroport.cci.corsica\/en\/wp-json\/wp\/v2\/types\/page"}],"author":[{"embeddable":true,"href":"https:\/\/ajaccio-aeroport.cci.corsica\/en\/wp-json\/wp\/v2\/users\/4"}],"replies":[{"embeddable":true,"href":"https:\/\/ajaccio-aeroport.cci.corsica\/en\/wp-json\/wp\/v2\/comments?post=1271"}],"version-history":[{"count":25,"href":"https:\/\/ajaccio-aeroport.cci.corsica\/en\/wp-json\/wp\/v2\/pages\/1271\/revisions"}],"predecessor-version":[{"id":2957,"href":"https:\/\/ajaccio-aeroport.cci.corsica\/en\/wp-json\/wp\/v2\/pages\/1271\/revisions\/2957"}],"wp:featuredmedia":[{"embeddable":true,"href":"https:\/\/ajaccio-aeroport.cci.corsica\/en\/wp-json\/wp\/v2\/media\/1654"}],"wp:attachment":[{"href":"https:\/\/ajaccio-aeroport.cci.corsica\/en\/wp-json\/wp\/v2\/media?parent=1271"}],"wp:term":[{"taxonomy":"type-de-page","embeddable":true,"href":"https:\/\/ajaccio-aeroport.cci.corsica\/en\/wp-json\/wp\/v2\/type-de-page?post=1271"}],"curies":[{"name":"wp","href":"https:\/\/api.w.org\/{rel}","templated":true}]}}