{"id":1245,"date":"2024-06-02T22:54:57","date_gmt":"2024-06-02T20:54:57","guid":{"rendered":"https:\/\/ajaccio-aeroport.cci.corsica\/?page_id=1245"},"modified":"2024-09-18T11:39:56","modified_gmt":"2024-09-18T09:39:56","slug":"luggage","status":"publish","type":"page","link":"https:\/\/ajaccio-aeroport.cci.corsica\/en\/bagages\/","title":{"rendered":"Luggage"},"content":{"rendered":"<div data-elementor-type=\"wp-page\" data-elementor-id=\"1245\" class=\"elementor elementor-1245\" data-elementor-post-type=\"page\">\n\t\t\t\t<div class=\"elementor-element elementor-element-4909095 e-flex e-con-boxed e-con e-parent\" data-id=\"4909095\" data-element_type=\"container\">\n\t\t\t\t\t<div class=\"e-con-inner\">\n\t\t\t\t<div class=\"elementor-element elementor-element-14486c8 e-n-tabs-mobile elementor-widget elementor-widget-n-tabs\" data-id=\"14486c8\" data-element_type=\"widget\" data-settings=\"{&quot;horizontal_scroll&quot;:&quot;disable&quot;}\" data-widget_type=\"nested-tabs.default\">\n\t\t\t\t<div class=\"elementor-widget-container\">\n\t\t\t\t\t\t\t<div class=\"e-n-tabs\" data-widget-number=\"21268168\" aria-label=\"Tabs. Open items with Enter or Space, close with Escape and navigate using the Arrow keys.\">\n\t\t\t<div class=\"e-n-tabs-heading\" role=\"tablist\">\n\t\t\t\t\t<button id=\"e-n-tab-title-212681681\" class=\"e-n-tab-title\" aria-selected=\"true\" data-tab-index=\"1\" role=\"tab\" tabindex=\"0\" aria-controls=\"e-n-tab-content-212681681\" style=\"--n-tabs-title-order: 1;\">\n\t\t\t\t\t\t<span class=\"e-n-tab-title-text\">\n\t\t\t\tChecked baggage\t\t\t<\/span>\n\t\t<\/button>\n\t\t\t\t<button id=\"e-n-tab-title-212681682\" class=\"e-n-tab-title\" aria-selected=\"false\" data-tab-index=\"2\" role=\"tab\" tabindex=\"-1\" aria-controls=\"e-n-tab-content-212681682\" style=\"--n-tabs-title-order: 2;\">\n\t\t\t\t\t\t<span class=\"e-n-tab-title-text\">\n\t\t\t\tOversized baggage\t\t\t<\/span>\n\t\t<\/button>\n\t\t\t\t<button id=\"e-n-tab-title-212681683\" class=\"e-n-tab-title\" aria-selected=\"false\" data-tab-index=\"3\" role=\"tab\" tabindex=\"-1\" aria-controls=\"e-n-tab-content-212681683\" style=\"--n-tabs-title-order: 3;\">\n\t\t\t\t\t\t<span class=\"e-n-tab-title-text\">\n\t\t\t\tCabin baggage\t\t\t<\/span>\n\t\t<\/button>\n\t\t\t\t<button id=\"e-n-tab-title-212681684\" class=\"e-n-tab-title\" aria-selected=\"false\" data-tab-index=\"4\" role=\"tab\" tabindex=\"-1\" aria-controls=\"e-n-tab-content-212681684\" style=\"--n-tabs-title-order: 4;\">\n\t\t\t\t\t\t<span class=\"e-n-tab-title-text\">\n\t\t\t\tPrecautions\t\t\t<\/span>\n\t\t<\/button>\n\t\t\t\t\t<\/div>\n\t\t\t<div class=\"e-n-tabs-content\">\n\t\t\t\t<div id=\"e-n-tab-content-212681681\" role=\"tabpanel\" aria-labelledby=\"e-n-tab-title-212681681\" data-tab-index=\"1\" style=\"--n-tabs-title-order: 1;\" class=\"e-active elementor-element elementor-element-3b4948c e-con-full e-flex e-con e-child\" data-id=\"3b4948c\" data-element_type=\"container\">\n\t\t\t\t<div class=\"elementor-element elementor-element-d1b50bf elementor-widget elementor-widget-text-editor\" data-id=\"d1b50bf\" data-element_type=\"widget\" data-widget_type=\"text-editor.default\">\n\t\t\t\t<div class=\"elementor-widget-container\">\n\t\t\t\t\t\t\t\t\t<p>Your checked baggage is transported in the hold. <\/p><p>The types, number, weight and dimensions of hold baggage are subject to various conditions of acceptance, depending on the airline and the type of baggage.<a href=\"https:\/\/airbag.dsac.aviation-civile.gouv.fr\/AirBag\" target=\"_blank\" rel=\"noopener\"> the regulations in force. <\/a>Please check these conditions of carriage with your airline or travel agent.<\/p><p>Even if you are travelling with hold baggage, you can check in online even before you arrive at the airport. Once you have arrived at the airport, go to the check-in counter to drop off your baggage.<\/p>\t\t\t\t\t\t\t\t<\/div>\n\t\t\t\t<\/div>\n\t\t\t\t<div class=\"elementor-element elementor-element-c884f24 elementor-widget elementor-widget-text-editor\" data-id=\"c884f24\" data-element_type=\"widget\" data-widget_type=\"text-editor.default\">\n\t\t\t\t<div class=\"elementor-widget-container\">\n\t\t\t\t\t\t\t\t\t<h3><strong>OUR ADVICE<\/strong> :<\/h3><ol><li>Opt for the right size: adapt the size of your baggage to your needs. A suitcase that is too heavy risks breaking or not being able to be checked in. You will also be asked to pay a supplement by the airline operating your flight.\u00a0<\/li><li><div class=\"titre\">Check the weight: weigh your baggage beforehand to make sure you are within the maximum authorised weight and avoid paying extra.<\/div><\/li><li><div class=\"titre\">Secure your luggage: your lock or padlock must be TSA (Transport Security Administration) approved for travel. Customs have universal keys to open your luggage without damaging it.<\/div><\/li><li><div class=\"titre\">Labelling your luggage: identifying your luggage is compulsory. Make sure you write your first and last names on it. Remove all labels and barcodes from previous journeys.<\/div><\/li><\/ol>\t\t\t\t\t\t\t\t<\/div>\n\t\t\t\t<\/div>\n\t\t\t\t<\/div>\n\t\t<div id=\"e-n-tab-content-212681682\" role=\"tabpanel\" aria-labelledby=\"e-n-tab-title-212681682\" data-tab-index=\"2\" style=\"--n-tabs-title-order: 2;\" class=\"elementor-element elementor-element-dc21d38 e-con-full e-flex e-con e-child\" data-id=\"dc21d38\" data-element_type=\"container\">\n\t\t\t\t<div class=\"elementor-element elementor-element-c36359a elementor-widget elementor-widget-text-editor\" data-id=\"c36359a\" data-element_type=\"widget\" data-widget_type=\"text-editor.default\">\n\t\t\t\t<div class=\"elementor-widget-container\">\n\t\t\t\t\t\t\t\t\t<p>Special conditions may be granted by airlines for sports equipment, certain materials or oversized baggage; ;<strong> their transport must be authorised in advance by your airline or travel agent.<\/strong><\/p>\t\t\t\t\t\t\t\t<\/div>\n\t\t\t\t<\/div>\n\t\t\t\t<div class=\"elementor-element elementor-element-97a4d71 elementor-widget elementor-widget-text-editor\" data-id=\"97a4d71\" data-element_type=\"widget\" data-widget_type=\"text-editor.default\">\n\t\t\t\t<div class=\"elementor-widget-container\">\n\t\t\t\t\t\t\t\t\t<p>If your baggage is too heavy or too large, special conditions apply.\u00a0<\/p><p>This may be the case for :<\/p><ul><li><span class=\"adp_bottom__item title\">sports equipment such as surfboards, diving gear, golf bags or skis,<br \/><\/span><\/li><li><span class=\"adp_bottom__item title\">musical instruments such as a violin or a drum,<\/span><\/li><li><span class=\"adp_bottom__item title\">parcels and boxes of multiple objects,<\/span><\/li><li><span class=\"adp_bottom__item title\">firearms and ammunition for hunters and competitors,<\/span><\/li><li>baggage exceeding 23 kg,<\/li><li>bulky luggage, i.e. over 158 cm (length + height + width), such as a large pushchair, bicycle, etc.<\/li><\/ul><p>\u00a0<\/p><p><strong>ATTENTION<\/strong> These criteria vary from airline to airline.<\/p><p><strong>Whatever its size, before being checked in, your baggage must be well packed, protected and labelled with your name and address.<\/strong><\/p>\t\t\t\t\t\t\t\t<\/div>\n\t\t\t\t<\/div>\n\t\t\t\t<\/div>\n\t\t<div id=\"e-n-tab-content-212681683\" role=\"tabpanel\" aria-labelledby=\"e-n-tab-title-212681683\" data-tab-index=\"3\" style=\"--n-tabs-title-order: 3;\" class=\"elementor-element elementor-element-061aa0a e-con-full e-flex e-con e-child\" data-id=\"061aa0a\" data-element_type=\"container\">\n\t\t\t\t<div class=\"elementor-element elementor-element-0f79e73 elementor-widget elementor-widget-text-editor\" data-id=\"0f79e73\" data-element_type=\"widget\" data-widget_type=\"text-editor.default\">\n\t\t\t\t<div class=\"elementor-widget-container\">\n\t\t\t\t\t\t\t\t\t<p>The terms and conditions relating to baggage authorised in the cabin are subject to the conditions laid down by the airlines. <strong>Remember to check the standards in force when you buy your ticket. <\/strong>Depending on the airline you travel with, the number, weight and size of baggage accepted in the cabin vary.<\/p><p>Certain items or objects are also subject to restrictions or are strictly forbidden in the cabin.<\/p>\t\t\t\t\t\t\t\t<\/div>\n\t\t\t\t<\/div>\n\t\t\t\t<div class=\"elementor-element elementor-element-a384a95 elementor-widget elementor-widget-text-editor\" data-id=\"a384a95\" data-element_type=\"widget\" data-widget_type=\"text-editor.default\">\n\t\t\t\t<div class=\"elementor-widget-container\">\n\t\t\t\t\t\t\t\t\t<p class=\"titre\"><strong>CABIN LUGGAGE: THE RIGHT THING TO DO : <br \/><\/strong><\/p>\t\t\t\t\t\t\t\t<\/div>\n\t\t\t\t<\/div>\n\t\t<div class=\"elementor-element elementor-element-f76fb0b e-flex e-con-boxed e-con e-child\" data-id=\"f76fb0b\" data-element_type=\"container\">\n\t\t\t\t\t<div class=\"e-con-inner\">\n\t\t\t\t<div class=\"elementor-element elementor-element-a49c6de elementor-widget elementor-widget-n-accordion\" data-id=\"a49c6de\" data-element_type=\"widget\" data-settings=\"{&quot;default_state&quot;:&quot;expanded&quot;,&quot;max_items_expended&quot;:&quot;one&quot;,&quot;n_accordion_animation_duration&quot;:{&quot;unit&quot;:&quot;ms&quot;,&quot;size&quot;:400,&quot;sizes&quot;:[]}}\" data-widget_type=\"nested-accordion.default\">\n\t\t\t\t<div class=\"elementor-widget-container\">\n\t\t\t\t\t\t\t<div class=\"e-n-accordion\" aria-label=\"Accordion. Open links with Enter or Space, close with Escape, and navigate with Arrow Keys\">\n\t\t\t\t\t\t<details id=\"e-n-accordion-item-1720\" class=\"e-n-accordion-item\" open>\n\t\t\t\t<summary class=\"e-n-accordion-item-title\" data-accordion-index=\"1\" tabindex=\"0\" aria-expanded=\"true\" aria-controls=\"e-n-accordion-item-1720\" >\n\t\t\t\t\t<span class='e-n-accordion-item-title-header'><div class=\"e-n-accordion-item-title-text\"> Items allowed in the cabin <\/div><\/span>\n\t\t\t\t\t\t\t<span class='e-n-accordion-item-title-icon'>\n\t\t\t<span class='e-opened' ><svg aria-hidden=\"true\" class=\"e-font-icon-svg e-fas-minus\" viewbox=\"0 0 448 512\" xmlns=\"http:\/\/www.w3.org\/2000\/svg\"><path d=\"M416 208H32c-17.67 0-32 14.33-32 32v32c0 17.67 14.33 32 32 32h384c17.67 0 32-14.33 32-32v-32c0-17.67-14.33-32-32-32z\"><\/path><\/svg><\/span>\n\t\t\t<span class='e-closed'><svg aria-hidden=\"true\" class=\"e-font-icon-svg e-fas-plus\" viewbox=\"0 0 448 512\" xmlns=\"http:\/\/www.w3.org\/2000\/svg\"><path d=\"M416 208H272V64c0-17.67-14.33-32-32-32h-32c-17.67 0-32 14.33-32 32v144H32c-17.67 0-32 14.33-32 32v32c0 17.67 14.33 32 32 32h144v144c0 17.67 14.33 32 32 32h32c17.67 0 32-14.33 32-32V304h144c17.67 0 32-14.33 32-32v-32c0-17.67-14.33-32-32-32z\"><\/path><\/svg><\/span>\n\t\t<\/span>\n\n\t\t\t\t\t\t<\/summary>\n\t\t\t\t<div role=\"region\" aria-labelledby=\"e-n-accordion-item-1720\" class=\"elementor-element elementor-element-4d07ee3 e-con-full e-flex e-con e-child\" data-id=\"4d07ee3\" data-element_type=\"container\">\n\t\t\t\t<div class=\"elementor-element elementor-element-84590ed elementor-widget elementor-widget-text-editor\" data-id=\"84590ed\" data-element_type=\"widget\" data-widget_type=\"text-editor.default\">\n\t\t\t\t<div class=\"elementor-widget-container\">\n\t\t\t\t\t\t\t\t\t<ul><li>any medication required for the duration of the trip,<\/li><li>baby food required for the trip,<\/li><li>products placed in a sealed bag delivered by an airport (e.g. products purchased in \u00abduty free\u00bb shops in airports or on planes, whatever the origin and date of purchase, with the invoice visible inside the bag),<\/li><li>laptops.<\/li><\/ul>\t\t\t\t\t\t\t\t<\/div>\n\t\t\t\t<\/div>\n\t\t\t\t<\/div>\n\t\t\t\t\t<\/details>\n\t\t\t\t\t\t<details id=\"e-n-accordion-item-1721\" class=\"e-n-accordion-item\" >\n\t\t\t\t<summary class=\"e-n-accordion-item-title\" data-accordion-index=\"2\" tabindex=\"-1\" aria-expanded=\"false\" aria-controls=\"e-n-accordion-item-1721\" >\n\t\t\t\t\t<span class='e-n-accordion-item-title-header'><div class=\"e-n-accordion-item-title-text\"> Items subject to cabin restrictions <\/div><\/span>\n\t\t\t\t\t\t\t<span class='e-n-accordion-item-title-icon'>\n\t\t\t<span class='e-opened' ><svg aria-hidden=\"true\" class=\"e-font-icon-svg e-fas-minus\" viewbox=\"0 0 448 512\" xmlns=\"http:\/\/www.w3.org\/2000\/svg\"><path d=\"M416 208H32c-17.67 0-32 14.33-32 32v32c0 17.67 14.33 32 32 32h384c17.67 0 32-14.33 32-32v-32c0-17.67-14.33-32-32-32z\"><\/path><\/svg><\/span>\n\t\t\t<span class='e-closed'><svg aria-hidden=\"true\" class=\"e-font-icon-svg e-fas-plus\" viewbox=\"0 0 448 512\" xmlns=\"http:\/\/www.w3.org\/2000\/svg\"><path d=\"M416 208H272V64c0-17.67-14.33-32-32-32h-32c-17.67 0-32 14.33-32 32v144H32c-17.67 0-32 14.33-32 32v32c0 17.67 14.33 32 32 32h144v144c0 17.67 14.33 32 32 32h32c17.67 0 32-14.33 32-32V304h144c17.67 0 32-14.33 32-32v-32c0-17.67-14.33-32-32-32z\"><\/path><\/svg><\/span>\n\t\t<\/span>\n\n\t\t\t\t\t\t<\/summary>\n\t\t\t\t<div role=\"region\" aria-labelledby=\"e-n-accordion-item-1721\" class=\"elementor-element elementor-element-a6afdcd e-con-full e-flex e-con e-child\" data-id=\"a6afdcd\" data-element_type=\"container\">\n\t\t\t\t<div class=\"elementor-element elementor-element-260c8c0 elementor-widget elementor-widget-text-editor\" data-id=\"260c8c0\" data-element_type=\"widget\" data-widget_type=\"text-editor.default\">\n\t\t\t\t<div class=\"elementor-widget-container\">\n\t\t\t\t\t\t\t\t\t<div id=\"faq_2945\" hidden=\"until-found\" data-cy=\"detail\"><div class=\"Faq-detail RichText\"><p>All liquids, creams, gels or aerosols must :\u00a0<\/p><ul><li>in containers of 100 ml (10 cl) or 100 g maximum each.<\/li><li>be presented in a single closed transparent plastic bag measuring 20 cm x 20 cm and with a maximum capacity of 1 litre. Only one container is permitted per passenger, which must be closed at the time of inspection.<\/li><\/ul><p><strong>Exceptions: whatever their capacity, the following are authorised:<\/strong><\/p><ul><li>food for babies or young children (feeding bottles, baby food, etc.) in the quantities required for the duration of the journey.<\/li><li>medicines in liquid (e.g. syrup) or cream form in the quantities required for the duration of the journey.<\/li><\/ul><p>Please note: All liquids must be presented separately from your baggage when passing through security.<\/p><div id=\"faq_2945\" hidden=\"until-found\" data-cy=\"detail\"><div class=\"Faq-detail RichText\"><p>All liquids, creams, gels or aerosols must :\u00a0<\/p><ul><li>in containers of 100 ml (10 cl) or 100 g maximum each.<\/li><li>be presented in a single closed transparent plastic bag measuring 20 cm x 20 cm and with a maximum capacity of 1 litre. Only one container is permitted per passenger, which must be closed at the time of inspection.<\/li><\/ul><p><strong>Exceptions: whatever their capacity, the following are authorised:<\/strong><\/p><ul><li>food for babies or young children (feeding bottles, baby food, etc.) in the quantities required for the duration of the journey.<\/li><li>medicines in liquid (e.g. syrup) or cream form in the quantities required for the duration of the journey.<\/li><\/ul><p>Please note: All liquids must be presented separately from your baggage when passing through security.<\/p><\/div><\/div><\/div><\/div><div id=\"faq_2945\" hidden=\"until-found\" data-cy=\"detail\"><div class=\"Faq-detail RichText\"><p>All liquids, creams, gels or aerosols must :\u00a0<\/p><ul><li>in containers of 100 ml (10 cl) or 100 g maximum each.<\/li><li>be presented in a single closed transparent plastic bag measuring 20 cm x 20 cm and with a maximum capacity of 1 litre. Only one container is permitted per passenger, which must be closed at the time of inspection.<\/li><\/ul><p><strong>Exceptions: whatever their capacity, the following are authorised:<\/strong><\/p><ul><li>food for babies or young children (feeding bottles, baby food, etc.) in the quantities required for the duration of the journey.<\/li><li>medicines in liquid (e.g. syrup) or cream form in the quantities required for the duration of the journey.<\/li><\/ul><p>Please note: All liquids must be presented separately from your baggage when passing through security.<\/p><\/div><\/div><div id=\"faq_2945\" hidden=\"until-found\" data-cy=\"detail\"><div class=\"Faq-detail RichText\"><p>All liquids, creams, gels or aerosols must :\u00a0<\/p><ul><li>in containers of 100 ml (10 cl) or 100 g maximum each.<\/li><li>be presented in a single closed transparent plastic bag measuring 20 cm x 20 cm and with a maximum capacity of 1 litre. Only one container is permitted per passenger, which must be closed at the time of inspection.<\/li><\/ul><p><strong>Exceptions: whatever their capacity, the following are authorised:<\/strong><\/p><ul><li>food for babies or young children (feeding bottles, baby food, etc.) in the quantities required for the duration of the journey.<\/li><li>medicines in liquid (e.g. syrup) or cream form in the quantities required for the duration of the journey.<\/li><\/ul><p>Please note: All liquids must be presented separately from your baggage when passing through security.<\/p><\/div><\/div><p>All liquids, creams, gels or aerosols must :<\/p><ul><li>in containers of 100 ml (10 cl) or 100 g maximum each,<\/li><li>be presented in a closed transparent plastic bag measuring 20 cm x 20 cm and with a maximum capacity of 1 litre. Only one container is permitted per passenger, which must be closed at the time of inspection.<\/li><\/ul><p>\u00a0<\/p><p>However, exceptions may apply, whatever their capacity. In particular for :<\/p><ul><li>food for babies or young children (feeding bottles, baby food, etc.) in the quantities required for the duration of the journey,<\/li><li>medication in liquid form (e.g. syrup) or cream in the quantity required for the duration of the trip. You will be asked for a prescription.<\/li><\/ul>\t\t\t\t\t\t\t\t<\/div>\n\t\t\t\t<\/div>\n\t\t\t\t<\/div>\n\t\t\t\t\t<\/details>\n\t\t\t\t\t\t<details id=\"e-n-accordion-item-1722\" class=\"e-n-accordion-item\" >\n\t\t\t\t<summary class=\"e-n-accordion-item-title\" data-accordion-index=\"3\" tabindex=\"-1\" aria-expanded=\"false\" aria-controls=\"e-n-accordion-item-1722\" >\n\t\t\t\t\t<span class='e-n-accordion-item-title-header'><div class=\"e-n-accordion-item-title-text\"> Items prohibited in the cabin <\/div><\/span>\n\t\t\t\t\t\t\t<span class='e-n-accordion-item-title-icon'>\n\t\t\t<span class='e-opened' ><svg aria-hidden=\"true\" class=\"e-font-icon-svg e-fas-minus\" viewbox=\"0 0 448 512\" xmlns=\"http:\/\/www.w3.org\/2000\/svg\"><path d=\"M416 208H32c-17.67 0-32 14.33-32 32v32c0 17.67 14.33 32 32 32h384c17.67 0 32-14.33 32-32v-32c0-17.67-14.33-32-32-32z\"><\/path><\/svg><\/span>\n\t\t\t<span class='e-closed'><svg aria-hidden=\"true\" class=\"e-font-icon-svg e-fas-plus\" viewbox=\"0 0 448 512\" xmlns=\"http:\/\/www.w3.org\/2000\/svg\"><path d=\"M416 208H272V64c0-17.67-14.33-32-32-32h-32c-17.67 0-32 14.33-32 32v144H32c-17.67 0-32 14.33-32 32v32c0 17.67 14.33 32 32 32h144v144c0 17.67 14.33 32 32 32h32c17.67 0 32-14.33 32-32V304h144c17.67 0 32-14.33 32-32v-32c0-17.67-14.33-32-32-32z\"><\/path><\/svg><\/span>\n\t\t<\/span>\n\n\t\t\t\t\t\t<\/summary>\n\t\t\t\t<div role=\"region\" aria-labelledby=\"e-n-accordion-item-1722\" class=\"elementor-element elementor-element-30daf56 e-con-full e-flex e-con e-child\" data-id=\"30daf56\" data-element_type=\"container\">\n\t\t\t\t<div class=\"elementor-element elementor-element-de1b459 elementor-widget elementor-widget-text-editor\" data-id=\"de1b459\" data-element_type=\"widget\" data-widget_type=\"text-editor.default\">\n\t\t\t\t<div class=\"elementor-widget-container\">\n\t\t\t\t\t\t\t\t\t<div id=\"faq_2945\" hidden=\"until-found\" data-cy=\"detail\"><div class=\"Faq-detail RichText\"><p>All liquids, creams, gels or aerosols must :\u00a0<\/p><ul><li>in containers of 100 ml (10 cl) or 100 g maximum each.<\/li><li>be presented in a single closed transparent plastic bag measuring 20 cm x 20 cm and with a maximum capacity of 1 litre. Only one container is permitted per passenger, which must be closed at the time of inspection.<\/li><\/ul><p><strong>Exceptions: whatever their capacity, the following are authorised:<\/strong><\/p><ul><li>food for babies or young children (feeding bottles, baby food, etc.) in the quantities required for the duration of the journey.<\/li><li>medicines in liquid (e.g. syrup) or cream form in the quantities required for the duration of the journey.<\/li><\/ul><p>Please note: All liquids must be presented separately from your baggage when passing through security.<\/p><div id=\"faq_2945\" hidden=\"until-found\" data-cy=\"detail\"><div class=\"Faq-detail RichText\"><p>All liquids, creams, gels or aerosols must :\u00a0<\/p><ul><li>in containers of 100 ml (10 cl) or 100 g maximum each.<\/li><li>be presented in a single closed transparent plastic bag measuring 20 cm x 20 cm and with a maximum capacity of 1 litre. Only one container is permitted per passenger, which must be closed at the time of inspection.<\/li><\/ul><p><strong>Exceptions: whatever their capacity, the following are authorised:<\/strong><\/p><ul><li>food for babies or young children (feeding bottles, baby food, etc.) in the quantities required for the duration of the journey.<\/li><li>medicines in liquid (e.g. syrup) or cream form in the quantities required for the duration of the journey.<\/li><\/ul><p>Please note: All liquids must be presented separately from your baggage when passing through security.<\/p><\/div><\/div><\/div><\/div><div id=\"faq_2945\" hidden=\"until-found\" data-cy=\"detail\"><div class=\"Faq-detail RichText\"><p>All liquids, creams, gels or aerosols must :\u00a0<\/p><ul><li>in containers of 100 ml (10 cl) or 100 g maximum each.<\/li><li>be presented in a single closed transparent plastic bag measuring 20 cm x 20 cm and with a maximum capacity of 1 litre. Only one container is permitted per passenger, which must be closed at the time of inspection.<\/li><\/ul><p><strong>Exceptions: whatever their capacity, the following are authorised:<\/strong><\/p><ul><li>food for babies or young children (feeding bottles, baby food, etc.) in the quantities required for the duration of the journey.<\/li><li>medicines in liquid (e.g. syrup) or cream form in the quantities required for the duration of the journey.<\/li><\/ul><p>Please note: All liquids must be presented separately from your baggage when passing through security.<\/p><\/div><\/div><div id=\"faq_2945\" hidden=\"until-found\" data-cy=\"detail\"><div class=\"Faq-detail RichText\"><p>All liquids, creams, gels or aerosols must :\u00a0<\/p><ul><li>in containers of 100 ml (10 cl) or 100 g maximum each.<\/li><li>be presented in a single closed transparent plastic bag measuring 20 cm x 20 cm and with a maximum capacity of 1 litre. Only one container is permitted per passenger, which must be closed at the time of inspection.<\/li><\/ul><p><strong>Exceptions: whatever their capacity, the following are authorised:<\/strong><\/p><ul><li>food for babies or young children (feeding bottles, baby food, etc.) in the quantities required for the duration of the journey.<\/li><li>medicines in liquid (e.g. syrup) or cream form in the quantities required for the duration of the journey.<\/li><\/ul><p>Please note: All liquids must be presented separately from your baggage when passing through security.<\/p><\/div><\/div><p>Certain items are strictly forbidden in the cabin. Below is a non-exhaustive list of these items:<\/p><ul><li>firearms and other equipment emitting projectiles,<\/li><li>devices with a paralysing effect,<\/li><li>objects with sharp points or edges,<\/li><li>work tools,<\/li><li>blunt instruments,<\/li><li>explosive or incendiary substances and devices.<\/li><\/ul><p>\u00a0<\/p><p>We invite you to consult <a href=\"https:\/\/airbag.aviation-civile.gouv.fr\/AirBag\" target=\"_blank\" rel=\"noopener\">the government website<\/a> to find out which items are prohibited on board aircraft.<\/p>\t\t\t\t\t\t\t\t<\/div>\n\t\t\t\t<\/div>\n\t\t\t\t<\/div>\n\t\t\t\t\t<\/details>\n\t\t\t\t\t<\/div>\n\t\t\t\t\t\t<\/div>\n\t\t\t\t<\/div>\n\t\t\t\t\t<\/div>\n\t\t\t\t<\/div>\n\t\t\t\t<\/div>\n\t\t<div id=\"e-n-tab-content-212681684\" role=\"tabpanel\" aria-labelledby=\"e-n-tab-title-212681684\" data-tab-index=\"4\" style=\"--n-tabs-title-order: 4;\" class=\"elementor-element elementor-element-db7c673 e-con-full e-flex e-con e-child\" data-id=\"db7c673\" data-element_type=\"container\">\n\t\t\t\t<div class=\"elementor-element elementor-element-b725f1e elementor-widget elementor-widget-text-editor\" data-id=\"b725f1e\" data-element_type=\"widget\" data-widget_type=\"text-editor.default\">\n\t\t\t\t<div class=\"elementor-widget-container\">\n\t\t\t\t\t\t\t\t\t<div class=\"AdpBlock\"><p><strong>What rules do I have to follow at the airport?<\/strong><\/p><ul><li>Never leave your luggage unattended, even for a short time, or it will be destroyed.<\/li><li>Report any abandoned baggage or packages to airport staff.<\/li><li>Do not accept responsibility for a third party's baggage or parcel, for whatever reason.<\/li><li>Label your luggage with your name, address and telephone number.<\/li><li>Keep only what is absolutely essential in your cabin baggage and place the rest in your hold baggage.<\/li><li>Do not carry valuables in your hold baggage.<\/li><li>Pack any fragile objects carefully.<\/li><\/ul><\/div>\t\t\t\t\t\t\t\t<\/div>\n\t\t\t\t<\/div>\n\t\t\t\t<\/div>\n\t\t\t\t\t<\/div>\n\t\t<\/div>\n\t\t\t\t\t\t<\/div>\n\t\t\t\t<\/div>\n\t\t\t\t\t<\/div>\n\t\t\t\t<\/div>\n\t\t\t\t<\/div>","protected":false},"excerpt":{"rendered":"<p>Bagages en soute Bagages hors format Bagages cabine Pr\u00e9cautions Vos bagages enregistr\u00e9s sont transport\u00e9s en soute. Les types, nombre, poids et dimensions de ces bagages de soute sont soumis \u00e0 diverses conditions d\u2019acceptation suivant les compagnies a\u00e9riennes et la r\u00e9glementation en vigueur. Nous vous invitons \u00e0 v\u00e9rifier ces conditions de transport aupr\u00e8s de votre compagnie [&hellip;]<\/p>\n","protected":false},"author":4,"featured_media":1479,"parent":0,"menu_order":0,"comment_status":"closed","ping_status":"closed","template":"","meta":{"_acf_changed":false,"_seopress_robots_primary_cat":"","_seopress_titles_title":"","_seopress_titles_desc":"","_seopress_robots_index":"","footnotes":""},"type-de-page":[5],"class_list":{"0":"post-1245","1":"page","2":"type-page","3":"status-publish","4":"has-post-thumbnail","6":"type-de-page-page-avec-image"},"acf":[],"_links":{"self":[{"href":"https:\/\/ajaccio-aeroport.cci.corsica\/en\/wp-json\/wp\/v2\/pages\/1245","targetHints":{"allow":["GET"]}}],"collection":[{"href":"https:\/\/ajaccio-aeroport.cci.corsica\/en\/wp-json\/wp\/v2\/pages"}],"about":[{"href":"https:\/\/ajaccio-aeroport.cci.corsica\/en\/wp-json\/wp\/v2\/types\/page"}],"author":[{"embeddable":true,"href":"https:\/\/ajaccio-aeroport.cci.corsica\/en\/wp-json\/wp\/v2\/users\/4"}],"replies":[{"embeddable":true,"href":"https:\/\/ajaccio-aeroport.cci.corsica\/en\/wp-json\/wp\/v2\/comments?post=1245"}],"version-history":[{"count":44,"href":"https:\/\/ajaccio-aeroport.cci.corsica\/en\/wp-json\/wp\/v2\/pages\/1245\/revisions"}],"predecessor-version":[{"id":3306,"href":"https:\/\/ajaccio-aeroport.cci.corsica\/en\/wp-json\/wp\/v2\/pages\/1245\/revisions\/3306"}],"wp:featuredmedia":[{"embeddable":true,"href":"https:\/\/ajaccio-aeroport.cci.corsica\/en\/wp-json\/wp\/v2\/media\/1479"}],"wp:attachment":[{"href":"https:\/\/ajaccio-aeroport.cci.corsica\/en\/wp-json\/wp\/v2\/media?parent=1245"}],"wp:term":[{"taxonomy":"type-de-page","embeddable":true,"href":"https:\/\/ajaccio-aeroport.cci.corsica\/en\/wp-json\/wp\/v2\/type-de-page?post=1245"}],"curies":[{"name":"wp","href":"https:\/\/api.w.org\/{rel}","templated":true}]}}