{"id":1236,"date":"2024-06-02T22:48:37","date_gmt":"2024-06-02T20:48:37","guid":{"rendered":"https:\/\/ajaccio-aeroport.cci.corsica\/?page_id=1236"},"modified":"2024-07-19T09:12:07","modified_gmt":"2024-07-19T07:12:07","slug":"registration","status":"publish","type":"page","link":"https:\/\/ajaccio-aeroport.cci.corsica\/en\/enregistrement\/","title":{"rendered":"Recording"},"content":{"rendered":"<div data-elementor-type=\"wp-page\" data-elementor-id=\"1236\" class=\"elementor elementor-1236\" data-elementor-post-type=\"page\">\n\t\t\t\t<div class=\"elementor-element elementor-element-da6faa7 e-flex e-con-boxed e-con e-parent\" data-id=\"da6faa7\" data-element_type=\"container\">\n\t\t\t\t\t<div class=\"e-con-inner\">\n\t\t\t\t<div class=\"elementor-element elementor-element-18a0e26 elementor-widget elementor-widget-text-editor\" data-id=\"18a0e26\" data-element_type=\"widget\" data-widget_type=\"text-editor.default\">\n\t\t\t\t<div class=\"elementor-widget-container\">\n\t\t\t\t\t\t\t\t\t<div class=\"contentSub col-8\">\n<div class=\"AdpBlock\">\n<p>Before you take off from our airport, there are a number of things you need to do:<b> check-in for your flight and baggage<\/b>, If you fail to do so, you will not be able to access the boarding area and board the plane. <b><br><\/b><\/p>\n<\/div>\n<p>If you have not checked in online or if you have hold baggage to drop off, go to the check-in desk for your flight.&nbsp;<\/p>\n<p>Check-in deadlines are specified by your airline, but we recommend that you arrive at the terminal between 1.5 and 2 hours before your flight's departure time.<\/p>\n<\/div>\t\t\t\t\t\t\t\t<\/div>\n\t\t\t\t<\/div>\n\t\t\t\t\t<\/div>\n\t\t\t\t<\/div>\n\t\t<div class=\"elementor-element elementor-element-7c9987d e-flex e-con-boxed e-con e-parent\" data-id=\"7c9987d\" data-element_type=\"container\">\n\t\t\t\t\t<div class=\"e-con-inner\">\n\t\t\t\t<div class=\"elementor-element elementor-element-8b1768f e-n-tabs-mobile elementor-widget elementor-widget-n-tabs\" data-id=\"8b1768f\" data-element_type=\"widget\" data-settings=\"{&quot;tabs_justify_horizontal&quot;:&quot;center&quot;,&quot;horizontal_scroll&quot;:&quot;disable&quot;}\" data-widget_type=\"nested-tabs.default\">\n\t\t\t\t<div class=\"elementor-widget-container\">\n\t\t\t\t\t\t\t<div class=\"e-n-tabs\" data-widget-number=\"145847951\" aria-label=\"Tabs. Open items with Enter or Space, close with Escape and navigate using the Arrow keys.\">\n\t\t\t<div class=\"e-n-tabs-heading\" role=\"tablist\">\n\t\t\t\t\t<button id=\"e-n-tab-title-1458479511\" class=\"e-n-tab-title\" aria-selected=\"true\" data-tab-index=\"1\" role=\"tab\" tabindex=\"0\" aria-controls=\"e-n-tab-content-1458479511\" style=\"--n-tabs-title-order: 1;\">\n\t\t\t\t\t\t<span class=\"e-n-tab-title-text\">\n\t\t\t\tSelf-service terminals\t\t\t<\/span>\n\t\t<\/button>\n\t\t\t\t<button id=\"e-n-tab-title-1458479512\" class=\"e-n-tab-title\" aria-selected=\"false\" data-tab-index=\"2\" role=\"tab\" tabindex=\"-1\" aria-controls=\"e-n-tab-content-1458479512\" style=\"--n-tabs-title-order: 2;\">\n\t\t\t\t\t\t<span class=\"e-n-tab-title-text\">\n\t\t\t\tAt the check-in desk\t\t\t<\/span>\n\t\t<\/button>\n\t\t\t\t\t<\/div>\n\t\t\t<div class=\"e-n-tabs-content\">\n\t\t\t\t<div id=\"e-n-tab-content-1458479511\" role=\"tabpanel\" aria-labelledby=\"e-n-tab-title-1458479511\" data-tab-index=\"1\" style=\"--n-tabs-title-order: 1;\" class=\"e-active elementor-element elementor-element-1c81b1d e-con-full e-flex e-con e-child\" data-id=\"1c81b1d\" data-element_type=\"container\">\n\t\t\t\t<div class=\"elementor-element elementor-element-2fe6197 elementor-widget elementor-widget-text-editor\" data-id=\"2fe6197\" data-element_type=\"widget\" data-widget_type=\"text-editor.default\">\n\t\t\t\t<div class=\"elementor-widget-container\">\n\t\t\t\t\t\t\t\t\t<div class=\"contentSub col-8\">Save time by registering at a self-service kiosk. It's quick and easy! You can check in from 5 hours before take-off: you print out your electronic boarding pass and, if required, your baggage tag. Then all you have to do is drop off your hold baggage at a dedicated counter.<\/div><div>\u00a0<\/div><p><strong>ADDITIONAL INFORMATION :<\/strong><\/p><div><ul><li>The automatic terminal will print your boarding pass.<\/li><li>If you do not have hold baggage, go directly to the boarding gate.<\/li><li>If you have hold baggage, print out your baggage tag and present it at your flight check-in counter.<\/li><\/ul><p>\u00a0<\/p><p><strong>Please note that this service is reserved for passengers:<\/strong><\/p><ul><li>in possession of an electronic ticket,<\/li><li>not accompanied by a baby,<\/li><li>do not have any special travel requirements (child travelling alone, with a pet or needing assistance with reduced mobility, etc.).<\/li><\/ul><\/div>\t\t\t\t\t\t\t\t<\/div>\n\t\t\t\t<\/div>\n\t\t\t\t<div class=\"elementor-element elementor-element-b0e79b0 elementor-alert-info elementor-widget elementor-widget-alert\" data-id=\"b0e79b0\" data-element_type=\"widget\" data-widget_type=\"alert.default\">\n\t\t\t\t<div class=\"elementor-widget-container\">\n\t\t\t\t\t\t\t<div class=\"elementor-alert\" role=\"alert\">\n\n\t\t\t\t\t\t<span class=\"elementor-alert-title\">What you need to know: <\/span>\n\t\t\t\n\t\t\t\t\t\t<span class=\"elementor-alert-description\">Only Air France provides self-service kiosks in our terminal.<\/span>\n\t\t\t\n\t\t\t\n\t\t<\/div>\n\t\t\t\t\t\t<\/div>\n\t\t\t\t<\/div>\n\t\t\t\t<\/div>\n\t\t<div id=\"e-n-tab-content-1458479512\" role=\"tabpanel\" aria-labelledby=\"e-n-tab-title-1458479512\" data-tab-index=\"2\" style=\"--n-tabs-title-order: 2;\" class=\"elementor-element elementor-element-639c29f e-con-full e-flex e-con e-child\" data-id=\"639c29f\" data-element_type=\"container\">\n\t\t\t\t<div class=\"elementor-element elementor-element-9aba469 elementor-widget elementor-widget-text-editor\" data-id=\"9aba469\" data-element_type=\"widget\" data-widget_type=\"text-editor.default\">\n\t\t\t\t<div class=\"elementor-widget-container\">\n\t\t\t\t\t\t\t\t\t<div><p>You can check in at the airport on the day of your flight up until the check-in deadline.<\/p><p><strong>This may vary from one airline to another. We advise you to check the information on your flight ticket.\u00a0<\/strong><\/p><ul><li>By going directly to the counter, you can leave your baggage at the same time as you check in.<\/li><li>If you have already checked in online and have hold baggage to drop off, you will have to go through the check-in desk on your flight.<\/li><\/ul><\/div><div><p>\u00a0<\/p><p>It is advisable to arrive at check-in\u00a0<strong>between 1h00 <\/strong><strong>and 2h <\/strong><strong>before your flight departs.<\/strong><\/p><\/div><div class=\"contentSub col-8\">\u00a0<\/div>\t\t\t\t\t\t\t\t<\/div>\n\t\t\t\t<\/div>\n\t\t\t\t<\/div>\n\t\t\t\t\t<\/div>\n\t\t<\/div>\n\t\t\t\t\t\t<\/div>\n\t\t\t\t<\/div>\n\t\t\t\t\t<\/div>\n\t\t\t\t<\/div>\n\t\t\t\t<\/div>","protected":false},"excerpt":{"rendered":"<p>Parmi les \u00e9tapes indispensables avant de vous envoler au d\u00e9part de notre a\u00e9roport : l\u2019enregistrement de votre vol et de vos bagages, sans quoi vous ne pourrez acc\u00e9der \u00e0 la zone d&#8217;embarquement et monter dans l&rsquo;avion. Si vous ne vous \u00eates pas enregistr\u00e9 en ligne ou si vous avez des bagages de soute \u00e0 d\u00e9poser, [&hellip;]<\/p>\n","protected":false},"author":4,"featured_media":1788,"parent":0,"menu_order":0,"comment_status":"closed","ping_status":"closed","template":"","meta":{"_acf_changed":false,"_seopress_robots_primary_cat":"","_seopress_titles_title":"","_seopress_titles_desc":"","_seopress_robots_index":"","footnotes":""},"type-de-page":[5],"class_list":{"0":"post-1236","1":"page","2":"type-page","3":"status-publish","4":"has-post-thumbnail","6":"type-de-page-page-avec-image"},"acf":[],"_links":{"self":[{"href":"https:\/\/ajaccio-aeroport.cci.corsica\/en\/wp-json\/wp\/v2\/pages\/1236","targetHints":{"allow":["GET"]}}],"collection":[{"href":"https:\/\/ajaccio-aeroport.cci.corsica\/en\/wp-json\/wp\/v2\/pages"}],"about":[{"href":"https:\/\/ajaccio-aeroport.cci.corsica\/en\/wp-json\/wp\/v2\/types\/page"}],"author":[{"embeddable":true,"href":"https:\/\/ajaccio-aeroport.cci.corsica\/en\/wp-json\/wp\/v2\/users\/4"}],"replies":[{"embeddable":true,"href":"https:\/\/ajaccio-aeroport.cci.corsica\/en\/wp-json\/wp\/v2\/comments?post=1236"}],"version-history":[{"count":25,"href":"https:\/\/ajaccio-aeroport.cci.corsica\/en\/wp-json\/wp\/v2\/pages\/1236\/revisions"}],"predecessor-version":[{"id":2954,"href":"https:\/\/ajaccio-aeroport.cci.corsica\/en\/wp-json\/wp\/v2\/pages\/1236\/revisions\/2954"}],"wp:featuredmedia":[{"embeddable":true,"href":"https:\/\/ajaccio-aeroport.cci.corsica\/en\/wp-json\/wp\/v2\/media\/1788"}],"wp:attachment":[{"href":"https:\/\/ajaccio-aeroport.cci.corsica\/en\/wp-json\/wp\/v2\/media?parent=1236"}],"wp:term":[{"taxonomy":"type-de-page","embeddable":true,"href":"https:\/\/ajaccio-aeroport.cci.corsica\/en\/wp-json\/wp\/v2\/type-de-page?post=1236"}],"curies":[{"name":"wp","href":"https:\/\/api.w.org\/{rel}","templated":true}]}}